{"id":56,"date":"2024-04-06T14:27:31","date_gmt":"2024-04-06T14:27:31","guid":{"rendered":"https:\/\/www.kilauea.info\/wp\/?page_id=56"},"modified":"2025-09-16T09:39:02","modified_gmt":"2025-09-16T07:39:02","slug":"nos-carnets-de-voyage","status":"publish","type":"page","link":"https:\/\/www.kilauea.info\/wp\/?page_id=56","title":{"rendered":"NOS CARNETS DE VOYAGE"},"content":{"rendered":"\n<p><\/p>\n\n\n\n<p>J&rsquo;ai choisi de faire confiance \u00e0 myatlas pour g\u00e9n\u00e9rer mes carnets de voyage<\/p>\n\n\n\n<p>Ce site est facile \u00e0 g\u00e9rer et a un beau look.  Les carnets reprendrons les itin\u00e9raires r\u00e9alis\u00e9s agr\u00e9ment\u00e9s de photos.  Une chaine \u00ab\u00a0youtube\u00a0\u00bb contiendra des vid\u00e9os.  La publication d\u00e9pendra de l&rsquo;acc\u00e8s internet disponible dans les lieux visit\u00e9s.  <a href=\"https:\/\/www.youtube.com\/channel\/UClwa7bN60r0pXmk3Lcs62Ng\">notre chaine Youtube<\/a><\/p>\n\n\n\n<p><\/p>\n\n\n\n<p><\/p>\n\n\n\n<p><a href=\"https:\/\/www.myatlas.com\/Kilauea\/vers-ushuaia\">Vers Ushuaia <\/a>       n&rsquo;oubliez pas de vous abonner !  \u00e0 chaque modification du blog vous recevrez une notification.<\/p>\n\n\n\n<p><\/p>\n\n\n\n<p><a href=\"https:\/\/www.myatlas.com\/Kilauea\/java-2024\">Java 2024<\/a><\/p>\n","protected":false},"excerpt":{"rendered":"<p>J&rsquo;ai choisi de faire confiance \u00e0 myatlas pour g\u00e9n\u00e9rer mes carnets de voyage Ce site est facile \u00e0 g\u00e9rer et a un beau look. Les carnets reprendrons les itin\u00e9raires r\u00e9alis\u00e9s agr\u00e9ment\u00e9s de photos. Une chaine \u00ab\u00a0youtube\u00a0\u00bb contiendra des vid\u00e9os. La publication d\u00e9pendra de l&rsquo;acc\u00e8s internet disponible dans les lieux visit\u00e9s. notre chaine Youtube Vers Ushuaia n&rsquo;oubliez pas de vous abonner ! \u00e0 chaque modification du blog vous recevrez une notification. Java 2024<\/p>\n","protected":false},"author":2,"featured_media":0,"parent":0,"menu_order":0,"comment_status":"closed","ping_status":"closed","template":"","meta":{"footnotes":""},"class_list":["post-56","page","type-page","status-publish","hentry"],"_links":{"self":[{"href":"https:\/\/www.kilauea.info\/wp\/index.php?rest_route=\/wp\/v2\/pages\/56","targetHints":{"allow":["GET"]}}],"collection":[{"href":"https:\/\/www.kilauea.info\/wp\/index.php?rest_route=\/wp\/v2\/pages"}],"about":[{"href":"https:\/\/www.kilauea.info\/wp\/index.php?rest_route=\/wp\/v2\/types\/page"}],"author":[{"embeddable":true,"href":"https:\/\/www.kilauea.info\/wp\/index.php?rest_route=\/wp\/v2\/users\/2"}],"replies":[{"embeddable":true,"href":"https:\/\/www.kilauea.info\/wp\/index.php?rest_route=%2Fwp%2Fv2%2Fcomments&post=56"}],"version-history":[{"count":5,"href":"https:\/\/www.kilauea.info\/wp\/index.php?rest_route=\/wp\/v2\/pages\/56\/revisions"}],"predecessor-version":[{"id":147,"href":"https:\/\/www.kilauea.info\/wp\/index.php?rest_route=\/wp\/v2\/pages\/56\/revisions\/147"}],"wp:attachment":[{"href":"https:\/\/www.kilauea.info\/wp\/index.php?rest_route=%2Fwp%2Fv2%2Fmedia&parent=56"}],"curies":[{"name":"wp","href":"https:\/\/api.w.org\/{rel}","templated":true}]}}